{"id":1510,"date":"2024-09-04T13:47:31","date_gmt":"2024-09-04T13:47:31","guid":{"rendered":"https:\/\/mascotnature.com\/participez-et-gagnez"},"modified":"2025-03-11T09:54:45","modified_gmt":"2025-03-11T09:54:45","slug":"participez-et-gagnez","status":"publish","type":"page","link":"https:\/\/mascotnature.com\/fr\/participez-et-gagnez","title":{"rendered":"Participez et gagnez !"},"content":{"rendered":"\t\t<div data-elementor-type=\"wp-page\" data-elementor-id=\"1510\" class=\"elementor elementor-1510 elementor-57\" data-elementor-post-type=\"page\">\n\t\t\t\t<div class=\"elementor-element elementor-element-18e3c4da e-flex e-con-boxed e-con e-parent\" data-id=\"18e3c4da\" data-element_type=\"container\" data-e-type=\"container\" data-settings=\"{&quot;background_background&quot;:&quot;classic&quot;}\">\n\t\t\t\t\t<div class=\"e-con-inner\">\n\t\t<div class=\"elementor-element elementor-element-2dd25816 e-con-full e-flex e-con e-child\" data-id=\"2dd25816\" data-element_type=\"container\" data-e-type=\"container\">\n\t\t\t\t<div class=\"elementor-element elementor-element-538c67b3 elementor-absolute elementor-widget elementor-widget-image\" data-id=\"538c67b3\" data-element_type=\"widget\" data-e-type=\"widget\" data-settings=\"{&quot;_position&quot;:&quot;absolute&quot;,&quot;motion_fx_motion_fx_scrolling&quot;:&quot;yes&quot;,&quot;motion_fx_translateY_effect&quot;:&quot;yes&quot;,&quot;motion_fx_translateY_speed&quot;:{&quot;unit&quot;:&quot;px&quot;,&quot;size&quot;:1,&quot;sizes&quot;:[]},&quot;motion_fx_translateY_affectedRange&quot;:{&quot;unit&quot;:&quot;%&quot;,&quot;size&quot;:&quot;&quot;,&quot;sizes&quot;:{&quot;start&quot;:0,&quot;end&quot;:50}},&quot;motion_fx_devices&quot;:[&quot;widescreen&quot;,&quot;desktop&quot;,&quot;laptop&quot;,&quot;tablet&quot;,&quot;mobile&quot;]}\" data-widget_type=\"image.default\">\n\t\t\t\t<div class=\"elementor-widget-container\">\n\t\t\t\t\t\t\t\t\t\t\t\t\t\t\t<img fetchpriority=\"high\" decoding=\"async\" width=\"683\" height=\"1024\" src=\"https:\/\/mascotnature.com\/wp-content\/uploads\/2025\/03\/mockup-PACKAGING_PRISMA-1-683x1024.webp\" class=\"attachment-large size-large wp-image-1670\" alt=\"\" srcset=\"https:\/\/mascotnature.com\/wp-content\/uploads\/2025\/03\/mockup-PACKAGING_PRISMA-1-683x1024.webp 683w, https:\/\/mascotnature.com\/wp-content\/uploads\/2025\/03\/mockup-PACKAGING_PRISMA-1-200x300.webp 200w, https:\/\/mascotnature.com\/wp-content\/uploads\/2025\/03\/mockup-PACKAGING_PRISMA-1-768x1152.webp 768w, https:\/\/mascotnature.com\/wp-content\/uploads\/2025\/03\/mockup-PACKAGING_PRISMA-1-1024x1536.webp 1024w, https:\/\/mascotnature.com\/wp-content\/uploads\/2025\/03\/mockup-PACKAGING_PRISMA-1-1365x2048.webp 1365w, https:\/\/mascotnature.com\/wp-content\/uploads\/2025\/03\/mockup-PACKAGING_PRISMA-1-scaled.webp 1707w\" sizes=\"(max-width: 683px) 100vw, 683px\" \/>\t\t\t\t\t\t\t\t\t\t\t\t\t\t\t<\/div>\n\t\t\t\t<\/div>\n\t\t\t\t<div class=\"elementor-element elementor-element-66c38432 elementor-absolute elementor-widget elementor-widget-image\" data-id=\"66c38432\" data-element_type=\"widget\" data-e-type=\"widget\" data-settings=\"{&quot;_position&quot;:&quot;absolute&quot;,&quot;motion_fx_motion_fx_scrolling&quot;:&quot;yes&quot;,&quot;motion_fx_translateY_effect&quot;:&quot;yes&quot;,&quot;motion_fx_translateY_speed&quot;:{&quot;unit&quot;:&quot;px&quot;,&quot;size&quot;:2,&quot;sizes&quot;:[]},&quot;motion_fx_translateY_affectedRange&quot;:{&quot;unit&quot;:&quot;%&quot;,&quot;size&quot;:&quot;&quot;,&quot;sizes&quot;:{&quot;start&quot;:0,&quot;end&quot;:50}},&quot;motion_fx_devices&quot;:[&quot;widescreen&quot;,&quot;desktop&quot;,&quot;laptop&quot;,&quot;tablet&quot;,&quot;mobile&quot;]}\" data-widget_type=\"image.default\">\n\t\t\t\t<div class=\"elementor-widget-container\">\n\t\t\t\t\t\t\t\t\t\t\t\t\t\t\t<img decoding=\"async\" width=\"683\" height=\"1024\" src=\"https:\/\/mascotnature.com\/wp-content\/uploads\/2025\/03\/mockup-PACKAGING_PRISMA-3-1-683x1024.webp\" class=\"attachment-large size-large wp-image-1673\" alt=\"\" srcset=\"https:\/\/mascotnature.com\/wp-content\/uploads\/2025\/03\/mockup-PACKAGING_PRISMA-3-1-683x1024.webp 683w, https:\/\/mascotnature.com\/wp-content\/uploads\/2025\/03\/mockup-PACKAGING_PRISMA-3-1-200x300.webp 200w, https:\/\/mascotnature.com\/wp-content\/uploads\/2025\/03\/mockup-PACKAGING_PRISMA-3-1-768x1152.webp 768w, https:\/\/mascotnature.com\/wp-content\/uploads\/2025\/03\/mockup-PACKAGING_PRISMA-3-1-1024x1536.webp 1024w, https:\/\/mascotnature.com\/wp-content\/uploads\/2025\/03\/mockup-PACKAGING_PRISMA-3-1-1365x2048.webp 1365w, https:\/\/mascotnature.com\/wp-content\/uploads\/2025\/03\/mockup-PACKAGING_PRISMA-3-1-scaled.webp 1707w\" sizes=\"(max-width: 683px) 100vw, 683px\" \/>\t\t\t\t\t\t\t\t\t\t\t\t\t\t\t<\/div>\n\t\t\t\t<\/div>\n\t\t\t\t<div class=\"elementor-element elementor-element-4597c0fc elementor-absolute elementor-widget elementor-widget-image\" data-id=\"4597c0fc\" data-element_type=\"widget\" data-e-type=\"widget\" data-settings=\"{&quot;_position&quot;:&quot;absolute&quot;,&quot;motion_fx_motion_fx_scrolling&quot;:&quot;yes&quot;,&quot;motion_fx_translateY_effect&quot;:&quot;yes&quot;,&quot;motion_fx_translateY_speed&quot;:{&quot;unit&quot;:&quot;px&quot;,&quot;size&quot;:3,&quot;sizes&quot;:[]},&quot;motion_fx_translateY_affectedRange&quot;:{&quot;unit&quot;:&quot;%&quot;,&quot;size&quot;:&quot;&quot;,&quot;sizes&quot;:{&quot;start&quot;:0,&quot;end&quot;:50}},&quot;motion_fx_devices&quot;:[&quot;widescreen&quot;,&quot;desktop&quot;,&quot;laptop&quot;,&quot;tablet&quot;,&quot;mobile&quot;]}\" data-widget_type=\"image.default\">\n\t\t\t\t<div class=\"elementor-widget-container\">\n\t\t\t\t\t\t\t\t\t\t\t\t\t\t\t<img decoding=\"async\" width=\"683\" height=\"1024\" src=\"https:\/\/mascotnature.com\/wp-content\/uploads\/2025\/03\/mockup-PACKAGING_PRISMA25-683x1024.webp\" class=\"attachment-large size-large wp-image-1667\" alt=\"\" srcset=\"https:\/\/mascotnature.com\/wp-content\/uploads\/2025\/03\/mockup-PACKAGING_PRISMA25-683x1024.webp 683w, https:\/\/mascotnature.com\/wp-content\/uploads\/2025\/03\/mockup-PACKAGING_PRISMA25-200x300.webp 200w, https:\/\/mascotnature.com\/wp-content\/uploads\/2025\/03\/mockup-PACKAGING_PRISMA25-768x1152.webp 768w, https:\/\/mascotnature.com\/wp-content\/uploads\/2025\/03\/mockup-PACKAGING_PRISMA25-1024x1536.webp 1024w, https:\/\/mascotnature.com\/wp-content\/uploads\/2025\/03\/mockup-PACKAGING_PRISMA25-1365x2048.webp 1365w, https:\/\/mascotnature.com\/wp-content\/uploads\/2025\/03\/mockup-PACKAGING_PRISMA25-scaled.webp 1707w\" sizes=\"(max-width: 683px) 100vw, 683px\" \/>\t\t\t\t\t\t\t\t\t\t\t\t\t\t\t<\/div>\n\t\t\t\t<\/div>\n\t\t\t\t<\/div>\n\t\t<div class=\"elementor-element elementor-element-1fc168fd e-con-full e-flex e-con e-child\" data-id=\"1fc168fd\" data-element_type=\"container\" data-e-type=\"container\">\n\t\t<div class=\"elementor-element elementor-element-5d1832e8 e-con-full e-flex e-con e-child\" data-id=\"5d1832e8\" data-element_type=\"container\" data-e-type=\"container\">\n\t\t\t\t<div class=\"elementor-element elementor-element-6bb6a797 fons-skew-n2 elementor-widget elementor-widget-heading\" data-id=\"6bb6a797\" data-element_type=\"widget\" data-e-type=\"widget\" data-widget_type=\"heading.default\">\n\t\t\t\t<div class=\"elementor-widget-container\">\n\t\t\t\t\t<h2 class=\"elementor-heading-title elementor-size-default\">Impliquez-vous et<\/h2>\t\t\t\t<\/div>\n\t\t\t\t<\/div>\n\t\t\t\t<div class=\"elementor-element elementor-element-1184caea fons-skew2 elementor-widget elementor-widget-heading\" data-id=\"1184caea\" data-element_type=\"widget\" data-e-type=\"widget\" data-widget_type=\"heading.default\">\n\t\t\t\t<div class=\"elementor-widget-container\">\n\t\t\t\t\t<h2 class=\"elementor-heading-title elementor-size-default\"> ET GAGNEZ !<\/h2>\t\t\t\t<\/div>\n\t\t\t\t<\/div>\n\t\t\t\t<\/div>\n\t\t<div class=\"elementor-element elementor-element-28a1f934 e-con-full e-flex e-con e-child\" data-id=\"28a1f934\" data-element_type=\"container\" data-e-type=\"container\">\n\t\t\t\t<div class=\"elementor-element elementor-element-71b52280 elementor-widget__width-initial elementor-widget-widescreen__width-initial elementor-widget elementor-widget-text-editor\" data-id=\"71b52280\" data-element_type=\"widget\" data-e-type=\"widget\" data-widget_type=\"text-editor.default\">\n\t\t\t\t<div class=\"elementor-widget-container\">\n\t\t\t\t\t\t\t\t\t<p>Nous voulons savoir ce qui est le mieux pour votre chien. R\u00e9pondez \u00e0 l&rsquo;enqu\u00eate et d\u00e9couvrez comment les collations que vous choisissez peuvent am\u00e9liorer votre sant\u00e9 et votre qualit\u00e9 de vie. <\/p><p><strong>Vous participerez \u00e0 un tirage au sort pour gagner un ensemble de produits pour votre animal de compagnie.<\/strong> \ud83d\udc3e<\/p>\t\t\t\t\t\t\t\t<\/div>\n\t\t\t\t<\/div>\n\t\t\t\t<div class=\"elementor-element elementor-element-3bcbdc26 elementor-align-center elementor-widget elementor-widget-button\" data-id=\"3bcbdc26\" data-element_type=\"widget\" data-e-type=\"widget\" data-settings=\"{&quot;motion_fx_motion_fx_scrolling&quot;:&quot;yes&quot;,&quot;motion_fx_translateY_effect&quot;:&quot;yes&quot;,&quot;motion_fx_translateY_speed&quot;:{&quot;unit&quot;:&quot;px&quot;,&quot;size&quot;:0.5,&quot;sizes&quot;:[]},&quot;motion_fx_translateY_affectedRange&quot;:{&quot;unit&quot;:&quot;%&quot;,&quot;size&quot;:&quot;&quot;,&quot;sizes&quot;:{&quot;start&quot;:0,&quot;end&quot;:100}},&quot;motion_fx_devices&quot;:[&quot;widescreen&quot;,&quot;desktop&quot;,&quot;laptop&quot;,&quot;tablet&quot;,&quot;mobile&quot;]}\" data-widget_type=\"button.default\">\n\t\t\t\t<div class=\"elementor-widget-container\">\n\t\t\t\t\t\t\t\t\t<div class=\"elementor-button-wrapper\">\n\t\t\t\t\t<a class=\"elementor-button elementor-button-link elementor-size-sm\" href=\"https:\/\/mascotnature.com\/el-snack-ideal\">\n\t\t\t\t\t\t<span class=\"elementor-button-content-wrapper\">\n\t\t\t\t\t\t\t\t\t<span class=\"elementor-button-text\">MENER UNE ENQU\u00caTE<\/span>\n\t\t\t\t\t<\/span>\n\t\t\t\t\t<\/a>\n\t\t\t\t<\/div>\n\t\t\t\t\t\t\t\t<\/div>\n\t\t\t\t<\/div>\n\t\t\t\t<\/div>\n\t\t\t\t<\/div>\n\t\t\t\t\t<\/div>\n\t\t\t\t<\/div>\n\t\t\t\t<\/div>\n\t\t","protected":false},"excerpt":{"rendered":"<p>Impliquez-vous et ET GAGNEZ ! Nous voulons savoir ce qui est le mieux pour votre chien. R\u00e9pondez \u00e0 l&rsquo;enqu\u00eate et d\u00e9couvrez comment les collations que vous choisissez peuvent am\u00e9liorer votre sant\u00e9 et votre qualit\u00e9 de vie. Vous participerez \u00e0 un tirage au sort pour gagner un ensemble de produits pour votre animal de compagnie. \ud83d\udc3e [&hellip;]<\/p>\n","protected":false},"author":1,"featured_media":0,"parent":0,"menu_order":0,"comment_status":"closed","ping_status":"closed","template":"","meta":{"footnotes":""},"class_list":["post-1510","page","type-page","status-publish","hentry"],"_links":{"self":[{"href":"https:\/\/mascotnature.com\/fr\/wp-json\/wp\/v2\/pages\/1510","targetHints":{"allow":["GET"]}}],"collection":[{"href":"https:\/\/mascotnature.com\/fr\/wp-json\/wp\/v2\/pages"}],"about":[{"href":"https:\/\/mascotnature.com\/fr\/wp-json\/wp\/v2\/types\/page"}],"author":[{"embeddable":true,"href":"https:\/\/mascotnature.com\/fr\/wp-json\/wp\/v2\/users\/1"}],"replies":[{"embeddable":true,"href":"https:\/\/mascotnature.com\/fr\/wp-json\/wp\/v2\/comments?post=1510"}],"version-history":[{"count":2,"href":"https:\/\/mascotnature.com\/fr\/wp-json\/wp\/v2\/pages\/1510\/revisions"}],"predecessor-version":[{"id":1713,"href":"https:\/\/mascotnature.com\/fr\/wp-json\/wp\/v2\/pages\/1510\/revisions\/1713"}],"wp:attachment":[{"href":"https:\/\/mascotnature.com\/fr\/wp-json\/wp\/v2\/media?parent=1510"}],"curies":[{"name":"wp","href":"https:\/\/api.w.org\/{rel}","templated":true}]}}