{"id":1571,"date":"2025-03-07T09:35:00","date_gmt":"2025-03-07T09:35:00","guid":{"rendered":"https:\/\/mascotnature.com\/avis-legal"},"modified":"2025-03-07T10:32:35","modified_gmt":"2025-03-07T10:32:35","slug":"avis-legal","status":"publish","type":"page","link":"https:\/\/mascotnature.com\/ca\/avis-legal","title":{"rendered":"Av\u00eds Legal"},"content":{"rendered":"\t\t<div data-elementor-type=\"wp-page\" data-elementor-id=\"1571\" class=\"elementor elementor-1571 elementor-1388\" data-elementor-post-type=\"page\">\n\t\t\t\t<div class=\"elementor-element elementor-element-375e2a8 e-flex e-con-boxed e-con e-parent\" data-id=\"375e2a8\" data-element_type=\"container\" data-e-type=\"container\">\n\t\t\t\t\t<div class=\"e-con-inner\">\n\t\t\t\t<div class=\"elementor-element elementor-element-50e4880 elementor-widget elementor-widget-heading\" data-id=\"50e4880\" data-element_type=\"widget\" data-e-type=\"widget\" data-widget_type=\"heading.default\">\n\t\t\t\t<div class=\"elementor-widget-container\">\n\t\t\t\t\t<h2 class=\"elementor-heading-title elementor-size-default\">Av\u00eds Legal<\/h2>\t\t\t\t<\/div>\n\t\t\t\t<\/div>\n\t\t\t\t<div class=\"elementor-element elementor-element-b64c5b6 elementor-widget elementor-widget-text-editor\" data-id=\"b64c5b6\" data-element_type=\"widget\" data-e-type=\"widget\" data-widget_type=\"text-editor.default\">\n\t\t\t\t<div class=\"elementor-widget-container\">\n\t\t\t\t\t\t\t\t\t<h3 data-pm-slice=\"1 1 []\">1. Informaci\u00f3 General<\/h3><p>De conformitat amb la normativa vigent, s&#8217;informa els usuaris de <a><strong>www.mascotnature.com<\/strong><\/a> que:<\/p><ul data-spread=\"false\"><li><p><strong>Correu electr\u00f2nic:<\/strong> info@soladomingo.com<\/p><\/li><li><p><strong>N\u00famero d&#8217;identificaci\u00f3 fiscal:<\/strong> A-43105519 (CIF)<\/p><\/li><\/ul><h3>2. Condicions d&#8217;\u00fas<\/h3><p>L&#8217;acc\u00e9s i l&#8217;\u00fas d&#8217;aquest lloc web estan subjectes a les condicions seg\u00fcents:<\/p><ul data-spread=\"false\"><li><p>L&#8217;usuari es compromet a utilitzar el lloc web de manera l\u00edcita i respectuosa.<\/p><\/li><li><p>Queda prohibit l\u00fas del contingut del lloc web per a fins comercials sense autoritzaci\u00f3 expressa.<\/p><\/li><li><p>Mascot Nature no es fa responsable de l&#8217;\u00fas indegut de la informaci\u00f3 publicada.<\/p><\/li><\/ul><h3>3. Propietat Intel\u00b7lectual<\/h3><p>Tots els continguts de <a><strong>www.mascotnature.com<\/strong><\/a> , incloent-hi textos, imatges, logotips i dissenys, estan protegits per drets de propietat intel\u00b7lectual i no poden ser utilitzats sense autoritzaci\u00f3 pr\u00e8via.<\/p><h3>4. Responsabilitat<\/h3><p>No garantim la disponibilitat continuada del lloc web i no ens fem responsables per danys derivats de l&#8217;\u00fas de la informaci\u00f3 proporcionada.<\/p><h3>5. Legislaci\u00f3 Aplicable<\/h3><p>Aquest av\u00eds legal es regeix per la legislaci\u00f3 vigent a[Pa\u00eds] i qualsevol controv\u00e8rsia ser\u00e0 resolta davant els tribunals de[Ciudad] .<\/p><h3>6. Contacte<\/h3><p>Per a qualsevol consulta sobre aquest Av\u00eds Legal, podeu contactar-nos a:<\/p><p><strong>Mascot Nature<\/strong><br> Correu electr\u00f2nic: <b>info@soladomingo.com<\/b><br> Lloc web: <a><strong>www.mascotnature.com<\/strong><\/a><\/p>\t\t\t\t\t\t\t\t<\/div>\n\t\t\t\t<\/div>\n\t\t\t\t\t<\/div>\n\t\t\t\t<\/div>\n\t\t<div class=\"elementor-element elementor-element-63a782a e-flex e-con-boxed e-con e-parent\" data-id=\"63a782a\" data-element_type=\"container\" data-e-type=\"container\">\n\t\t\t\t\t<div class=\"e-con-inner\">\n\t\t\t\t<div class=\"elementor-element elementor-element-559de46 elementor-widget elementor-widget-spacer\" data-id=\"559de46\" data-element_type=\"widget\" data-e-type=\"widget\" data-widget_type=\"spacer.default\">\n\t\t\t\t<div class=\"elementor-widget-container\">\n\t\t\t\t\t\t\t<div class=\"elementor-spacer\">\n\t\t\t<div class=\"elementor-spacer-inner\"><\/div>\n\t\t<\/div>\n\t\t\t\t\t\t<\/div>\n\t\t\t\t<\/div>\n\t\t\t\t\t<\/div>\n\t\t\t\t<\/div>\n\t\t\t\t<\/div>\n\t\t","protected":false},"excerpt":{"rendered":"<p>Av\u00eds Legal 1. Informaci\u00f3 General De conformitat amb la normativa vigent, s&#8217;informa els usuaris de www.mascotnature.com que: Correu electr\u00f2nic: info@soladomingo.com N\u00famero d&#8217;identificaci\u00f3 fiscal: A-43105519 (CIF) 2. Condicions d&#8217;\u00fas L&#8217;acc\u00e9s i l&#8217;\u00fas d&#8217;aquest lloc web estan subjectes a les condicions seg\u00fcents: L&#8217;usuari es compromet a utilitzar el lloc web de manera l\u00edcita i respectuosa. Queda prohibit [&hellip;]<\/p>\n","protected":false},"author":1,"featured_media":0,"parent":0,"menu_order":0,"comment_status":"closed","ping_status":"closed","template":"","meta":{"footnotes":""},"class_list":["post-1571","page","type-page","status-publish","hentry"],"_links":{"self":[{"href":"https:\/\/mascotnature.com\/ca\/wp-json\/wp\/v2\/pages\/1571","targetHints":{"allow":["GET"]}}],"collection":[{"href":"https:\/\/mascotnature.com\/ca\/wp-json\/wp\/v2\/pages"}],"about":[{"href":"https:\/\/mascotnature.com\/ca\/wp-json\/wp\/v2\/types\/page"}],"author":[{"embeddable":true,"href":"https:\/\/mascotnature.com\/ca\/wp-json\/wp\/v2\/users\/1"}],"replies":[{"embeddable":true,"href":"https:\/\/mascotnature.com\/ca\/wp-json\/wp\/v2\/comments?post=1571"}],"version-history":[{"count":1,"href":"https:\/\/mascotnature.com\/ca\/wp-json\/wp\/v2\/pages\/1571\/revisions"}],"predecessor-version":[{"id":1572,"href":"https:\/\/mascotnature.com\/ca\/wp-json\/wp\/v2\/pages\/1571\/revisions\/1572"}],"wp:attachment":[{"href":"https:\/\/mascotnature.com\/ca\/wp-json\/wp\/v2\/media?parent=1571"}],"curies":[{"name":"wp","href":"https:\/\/api.w.org\/{rel}","templated":true}]}}